{"id":277,"date":"2025-10-28T19:49:10","date_gmt":"2025-10-28T19:49:10","guid":{"rendered":"https:\/\/suomenarvokulta.fi\/about\/"},"modified":"2025-11-16T16:35:14","modified_gmt":"2025-11-16T16:35:14","slug":"yritys","status":"publish","type":"page","link":"https:\/\/dev2.suomenarvokulta.fi\/sv\/yritys\/","title":{"rendered":"F\u00f6retag"},"content":{"rendered":"<div data-elementor-type=\"wp-page\" data-elementor-id=\"277\" class=\"elementor elementor-277\" data-elementor-post-type=\"page\">\n\t\t\t\t<div class=\"elementor-element elementor-element-31b5949 e-flex e-con-boxed e-con e-parent\" data-id=\"31b5949\" data-element_type=\"container\" data-e-type=\"container\" data-settings=\"{&quot;background_background&quot;:&quot;classic&quot;}\">\n\t\t\t\t\t<div class=\"e-con-inner\">\n\t\t\t\t<div class=\"elementor-element elementor-element-b485c78 elementor-widget elementor-widget-heading\" data-id=\"b485c78\" data-element_type=\"widget\" data-e-type=\"widget\" data-widget_type=\"heading.default\">\n\t\t\t\t\t<p class=\"elementor-heading-title elementor-size-default\">Om<\/p>\t\t\t\t<\/div>\n\t\t\t\t<div class=\"elementor-element elementor-element-a63bee4 elementor-widget elementor-widget-heading\" data-id=\"a63bee4\" data-element_type=\"widget\" data-e-type=\"widget\" data-widget_type=\"heading.default\">\n\t\t\t\t\t<h1 class=\"elementor-heading-title elementor-size-default\">Suomen Arvokulta - P\u00e5litlig tj\u00e4nst f\u00f6r k\u00f6p av guld i Finland<\/h1>\t\t\t\t<\/div>\n\t\t\t\t<div class=\"elementor-element elementor-element-5ca09a2 elementor-widget-divider--view-line elementor-widget elementor-widget-divider\" data-id=\"5ca09a2\" data-element_type=\"widget\" data-e-type=\"widget\" data-widget_type=\"divider.default\">\n\t\t\t\t\t\t\t<div class=\"elementor-divider\">\n\t\t\t<span class=\"elementor-divider-separator\">\n\t\t\t\t\t\t<\/span>\n\t\t<\/div>\n\t\t\t\t\t\t<\/div>\n\t\t\t\t\t<\/div>\n\t\t\t\t<\/div>\n\t\t<div class=\"elementor-element elementor-element-f558fe7 e-flex e-con-boxed e-con e-parent\" data-id=\"f558fe7\" data-element_type=\"container\" data-e-type=\"container\" data-settings=\"{&quot;background_background&quot;:&quot;classic&quot;}\">\n\t\t\t\t\t<div class=\"e-con-inner\">\n\t\t\t\t<div class=\"elementor-element elementor-element-03d43a7 elementor-widget elementor-widget-image\" data-id=\"03d43a7\" data-element_type=\"widget\" data-e-type=\"widget\" data-widget_type=\"image.default\">\n\t\t\t\t\t\t\t\t\t\t\t\t\t\t\t<img fetchpriority=\"high\" decoding=\"async\" width=\"1024\" height=\"768\" src=\"https:\/\/dev2.suomenarvokulta.fi\/wp-content\/uploads\/2025\/11\/Suomen-Arvokulta-Hero-1024x768.jpg\" class=\"attachment-large size-large wp-image-911\" alt=\"\" srcset=\"https:\/\/dev2.suomenarvokulta.fi\/wp-content\/uploads\/2025\/11\/Suomen-Arvokulta-Hero-1024x768.jpg 1024w, https:\/\/dev2.suomenarvokulta.fi\/wp-content\/uploads\/2025\/11\/Suomen-Arvokulta-Hero-600x450.jpg 600w, https:\/\/dev2.suomenarvokulta.fi\/wp-content\/uploads\/2025\/11\/Suomen-Arvokulta-Hero-300x225.jpg 300w, https:\/\/dev2.suomenarvokulta.fi\/wp-content\/uploads\/2025\/11\/Suomen-Arvokulta-Hero-768x576.jpg 768w, https:\/\/dev2.suomenarvokulta.fi\/wp-content\/uploads\/2025\/11\/Suomen-Arvokulta-Hero-1536x1152.jpg 1536w, https:\/\/dev2.suomenarvokulta.fi\/wp-content\/uploads\/2025\/11\/Suomen-Arvokulta-Hero-2048x1536.jpg 2048w\" sizes=\"(max-width: 1024px) 100vw, 1024px\" \/>\t\t\t\t\t\t\t\t\t\t\t\t\t\t\t<\/div>\n\t\t<div class=\"elementor-element elementor-element-e95ce97 e-con-full e-flex e-con e-child\" data-id=\"e95ce97\" data-element_type=\"container\" data-e-type=\"container\">\n\t\t<div class=\"elementor-element elementor-element-6d813f4 e-con-full e-flex e-con e-child\" data-id=\"6d813f4\" data-element_type=\"container\" data-e-type=\"container\">\n\t\t\t\t<div class=\"elementor-element elementor-element-5caac49 elementor-widget elementor-widget-heading\" data-id=\"5caac49\" data-element_type=\"widget\" data-e-type=\"widget\" data-widget_type=\"heading.default\">\n\t\t\t\t\t<h2 class=\"elementor-heading-title elementor-size-default\">Om f\u00f6retaget<\/h2>\t\t\t\t<\/div>\n\t\t\t\t<div class=\"elementor-element elementor-element-b65968c elementor-widget-divider--view-line elementor-widget elementor-widget-divider\" data-id=\"b65968c\" data-element_type=\"widget\" data-e-type=\"widget\" data-widget_type=\"divider.default\">\n\t\t\t\t\t\t\t<div class=\"elementor-divider\">\n\t\t\t<span class=\"elementor-divider-separator\">\n\t\t\t\t\t\t<\/span>\n\t\t<\/div>\n\t\t\t\t\t\t<\/div>\n\t\t\t\t<\/div>\n\t\t<div class=\"elementor-element elementor-element-ffc468c e-con-full e-flex e-con e-child\" data-id=\"ffc468c\" data-element_type=\"container\" data-e-type=\"container\">\n\t\t\t\t<div class=\"elementor-element elementor-element-0363216 elementor-widget elementor-widget-heading\" data-id=\"0363216\" data-element_type=\"widget\" data-e-type=\"widget\" data-widget_type=\"heading.default\">\n\t\t\t\t\t<h2 class=\"elementor-heading-title elementor-size-default\">En p\u00e5litlig guldk\u00f6pare<\/h2>\t\t\t\t<\/div>\n\t\t\t\t<div class=\"elementor-element elementor-element-c5b9da8 elementor-widget elementor-widget-text-editor\" data-id=\"c5b9da8\" data-element_type=\"widget\" data-e-type=\"widget\" data-widget_type=\"text-editor.default\">\n\t\t\t\t\t\t\t\t\t<p>Suomen Arvokulta har gjort ett stort antal kunder n\u00f6jda genom att erbjuda ett enkelt och s\u00e4kert s\u00e4tt att s\u00e4lja guld och silver. V\u00e5rt expertteam kommer att v\u00e4rdera dina f\u00f6rem\u00e5l r\u00e4ttvist och snabbt, vilket s\u00e4kerst\u00e4ller att du f\u00e5r ett bra pris f\u00f6r dina f\u00f6rem\u00e5l. Om vi kan handla och k\u00f6pa din \u00e4delmetall f\u00e5r du naturligtvis ocks\u00e5 ett kvitto f\u00f6r varje transaktion.<\/p><p>V\u00e5r kundcentrerade strategi och personliga service g\u00f6r det enkelt och tryggt f\u00f6r alla finl\u00e4ndare att s\u00e4lja guld.<\/p>\t\t\t\t\t\t\t\t<\/div>\n\t\t\t\t<\/div>\n\t\t\t\t<\/div>\n\t\t\t\t\t<\/div>\n\t\t\t\t<\/div>\n\t\t<div class=\"elementor-element elementor-element-fdbaf7a e-flex e-con-boxed e-con e-parent\" data-id=\"fdbaf7a\" data-element_type=\"container\" data-e-type=\"container\" data-settings=\"{&quot;background_background&quot;:&quot;classic&quot;}\">\n\t\t\t\t\t<div class=\"e-con-inner\">\n\t\t\t\t<div class=\"elementor-element elementor-element-452c4cf elementor-widget elementor-widget-heading\" data-id=\"452c4cf\" data-element_type=\"widget\" data-e-type=\"widget\" data-widget_type=\"heading.default\">\n\t\t\t\t\t<h2 class=\"elementor-heading-title elementor-size-default\">Uppdrag och v\u00e4rderingar<\/h2>\t\t\t\t<\/div>\n\t\t\t\t<div class=\"elementor-element elementor-element-799db18 elementor-widget-divider--view-line elementor-widget elementor-widget-divider\" data-id=\"799db18\" data-element_type=\"widget\" data-e-type=\"widget\" data-widget_type=\"divider.default\">\n\t\t\t\t\t\t\t<div class=\"elementor-divider\">\n\t\t\t<span class=\"elementor-divider-separator\">\n\t\t\t\t\t\t<\/span>\n\t\t<\/div>\n\t\t\t\t\t\t<\/div>\n\t\t<div class=\"elementor-element elementor-element-3076461 e-con-full e-flex e-con e-child\" data-id=\"3076461\" data-element_type=\"container\" data-e-type=\"container\">\n\t\t\t\t<div class=\"elementor-element elementor-element-2aa81aa elementor-widget elementor-widget-icon-box\" data-id=\"2aa81aa\" data-element_type=\"widget\" data-e-type=\"widget\" data-widget_type=\"icon-box.default\">\n\t\t\t\t\t\t\t<div class=\"elementor-icon-box-wrapper\">\n\n\t\t\t\n\t\t\t\t\t\t<div class=\"elementor-icon-box-content\">\n\n\t\t\t\t\t\t\t\t\t<h3 class=\"elementor-icon-box-title\">\n\t\t\t\t\t\t<span  >\n\t\t\t\t\t\t\tVarf\u00f6r vi \u00e4r h\u00e4r\t\t\t\t\t\t<\/span>\n\t\t\t\t\t<\/h3>\n\t\t\t\t\n\t\t\t\t\t\t\t\t\t<p class=\"elementor-icon-box-description\">\n\t\t\t\t\t\tSuomen Arvokultas mission \u00e4r att erbjuda v\u00e5ra kunder en p\u00e5litlig och professionell tj\u00e4nst som g\u00f6r det m\u00f6jligt f\u00f6r dem att f\u00f6rvandla sina oanv\u00e4nda \u00e4delmetaller till kontanter. Vi \u00e4r engagerade i r\u00e4ttvis priss\u00e4ttning och milj\u00f6v\u00e4nliga metoder, samtidigt som vi st\u00f6der en mer h\u00e5llbar \u00e5tervinning.\t\t\t\t\t<\/p>\n\t\t\t\t\n\t\t\t<\/div>\n\t\t\t\n\t\t<\/div>\n\t\t\t\t\t\t<\/div>\n\t\t\t\t<div class=\"elementor-element elementor-element-5f0c725 elementor-widget elementor-widget-icon-box\" data-id=\"5f0c725\" data-element_type=\"widget\" data-e-type=\"widget\" data-widget_type=\"icon-box.default\">\n\t\t\t\t\t\t\t<div class=\"elementor-icon-box-wrapper\">\n\n\t\t\t\n\t\t\t\t\t\t<div class=\"elementor-icon-box-content\">\n\n\t\t\t\t\t\t\t\t\t<h3 class=\"elementor-icon-box-title\">\n\t\t\t\t\t\t<span  >\n\t\t\t\t\t\t\tVi anv\u00e4nder oss av\t\t\t\t\t\t<\/span>\n\t\t\t\t\t<\/h3>\n\t\t\t\t\n\t\t\t\t\t\t\t\t\t<p class=\"elementor-icon-box-description\">\n\t\t\t\t\t\tKundn\u00f6jdhet \u00e4r v\u00e5r h\u00f6gsta prioritet. Vi v\u00e4rdes\u00e4tter \u00f6ppenhet, \u00e4rlighet och expertis i alla v\u00e5ra aktiviteter. V\u00e5rt m\u00e5l \u00e4r att vara en p\u00e5litlig partner till v\u00e5ra kunder inom guld- och silverbranschen och tillhandah\u00e5lla information och st\u00f6d under hela processen.\t\t\t\t\t<\/p>\n\t\t\t\t\n\t\t\t<\/div>\n\t\t\t\n\t\t<\/div>\n\t\t\t\t\t\t<\/div>\n\t\t\t\t<\/div>\n\t\t\t\t\t<\/div>\n\t\t\t\t<\/div>\n\t\t<div class=\"elementor-element elementor-element-4ef38f1 e-flex e-con-boxed e-con e-parent\" data-id=\"4ef38f1\" data-element_type=\"container\" data-e-type=\"container\" data-settings=\"{&quot;background_background&quot;:&quot;classic&quot;}\">\n\t\t\t\t\t<div class=\"e-con-inner\">\n\t\t<div class=\"elementor-element elementor-element-e18ad09 e-con-full e-flex e-con e-child\" data-id=\"e18ad09\" data-element_type=\"container\" data-e-type=\"container\">\n\t\t\t\t<div class=\"elementor-element elementor-element-2bd04f9 elementor-widget elementor-widget-heading\" data-id=\"2bd04f9\" data-element_type=\"widget\" data-e-type=\"widget\" data-widget_type=\"heading.default\">\n\t\t\t\t\t<h2 class=\"elementor-heading-title elementor-size-default\">M\u00e4nniskorna bakom Suomen Arvokulta<\/h2>\t\t\t\t<\/div>\n\t\t\t\t<div class=\"elementor-element elementor-element-64e3715 elementor-widget-divider--view-line elementor-widget elementor-widget-divider\" data-id=\"64e3715\" data-element_type=\"widget\" data-e-type=\"widget\" data-widget_type=\"divider.default\">\n\t\t\t\t\t\t\t<div class=\"elementor-divider\">\n\t\t\t<span class=\"elementor-divider-separator\">\n\t\t\t\t\t\t<\/span>\n\t\t<\/div>\n\t\t\t\t\t\t<\/div>\n\t\t\t\t<div class=\"elementor-element elementor-element-067ae06 elementor-widget elementor-widget-heading\" data-id=\"067ae06\" data-element_type=\"widget\" data-e-type=\"widget\" data-widget_type=\"heading.default\">\n\t\t\t\t\t<h2 class=\"elementor-heading-title elementor-size-default\">Finl\u00e4ndska f\u00f6retagare<\/h2>\t\t\t\t<\/div>\n\t\t\t\t<div class=\"elementor-element elementor-element-0bc046c elementor-widget elementor-widget-text-editor\" data-id=\"0bc046c\" data-element_type=\"widget\" data-e-type=\"widget\" data-widget_type=\"text-editor.default\">\n\t\t\t\t\t\t\t\t\t<p>Suomen Arvokultas entrepren\u00f6rerna Panu och Topias m\u00e5l har \u00e4nda fr\u00e5n b\u00f6rjan varit att erbjuda kunderna ett enkelt och s\u00e4kert s\u00e4tt att s\u00e4lja \u00e4delmetaller. Vi har expanderat till flera husbilar som reser runt i Finland och utvecklat personliga d\u00f6rr-till-d\u00f6rr-tj\u00e4nster. Vi har lyckats med v\u00e5rt m\u00e5l och det finska \u00e4delguldet har verkligen f\u00e5tt ett mycket positivt mottagande av v\u00e5ra kunder. Det \u00e4r l\u00e4tt att g\u00f6ra aff\u00e4rer med oss och vi \u00e4r alltid v\u00e4rda v\u00e5ra kunders f\u00f6rtroende.<\/p>\t\t\t\t\t\t\t\t<\/div>\n\t\t\t\t<\/div>\n\t\t<div class=\"elementor-element elementor-element-17eef55 e-con-full e-flex e-con e-child\" data-id=\"17eef55\" data-element_type=\"container\" data-e-type=\"container\">\n\t\t\t\t<div class=\"elementor-element elementor-element-af5b61e elementor-widget elementor-widget-image\" data-id=\"af5b61e\" data-element_type=\"widget\" data-e-type=\"widget\" data-widget_type=\"image.default\">\n\t\t\t\t\t\t\t\t\t\t\t\t\t\t\t<img decoding=\"async\" width=\"768\" height=\"1024\" src=\"https:\/\/dev2.suomenarvokulta.fi\/wp-content\/uploads\/2025\/11\/Kullan-arviointi-768x1024.jpg\" class=\"attachment-large size-large wp-image-913\" alt=\"\" srcset=\"https:\/\/dev2.suomenarvokulta.fi\/wp-content\/uploads\/2025\/11\/Kullan-arviointi-768x1024.jpg 768w, https:\/\/dev2.suomenarvokulta.fi\/wp-content\/uploads\/2025\/11\/Kullan-arviointi-600x800.jpg 600w, https:\/\/dev2.suomenarvokulta.fi\/wp-content\/uploads\/2025\/11\/Kullan-arviointi-225x300.jpg 225w, https:\/\/dev2.suomenarvokulta.fi\/wp-content\/uploads\/2025\/11\/Kullan-arviointi.jpg 900w\" sizes=\"(max-width: 768px) 100vw, 768px\" \/>\t\t\t\t\t\t\t\t\t\t\t\t\t\t\t<\/div>\n\t\t\t\t<div class=\"elementor-element elementor-element-0717bd7 elementor-widget elementor-widget-image\" data-id=\"0717bd7\" data-element_type=\"widget\" data-e-type=\"widget\" data-widget_type=\"image.default\">\n\t\t\t\t\t\t\t\t\t\t\t\t\t\t\t<img decoding=\"async\" width=\"683\" height=\"1024\" src=\"https:\/\/dev2.suomenarvokulta.fi\/wp-content\/uploads\/2025\/10\/pexels-photo-8706554-1-683x1024.jpeg\" class=\"attachment-large size-large wp-image-723\" alt=\"pexels photo 8706554.jpeg\" srcset=\"https:\/\/dev2.suomenarvokulta.fi\/wp-content\/uploads\/2025\/10\/pexels-photo-8706554-1-683x1024.jpeg 683w, https:\/\/dev2.suomenarvokulta.fi\/wp-content\/uploads\/2025\/10\/pexels-photo-8706554-1-600x900.jpeg 600w, https:\/\/dev2.suomenarvokulta.fi\/wp-content\/uploads\/2025\/10\/pexels-photo-8706554-1-200x300.jpeg 200w, https:\/\/dev2.suomenarvokulta.fi\/wp-content\/uploads\/2025\/10\/pexels-photo-8706554-1.jpeg 700w\" sizes=\"(max-width: 683px) 100vw, 683px\" \/>\t\t\t\t\t\t\t\t\t\t\t\t\t\t\t<\/div>\n\t\t\t\t<\/div>\n\t\t\t\t\t<\/div>\n\t\t\t\t<\/div>\n\t\t<div class=\"elementor-element elementor-element-c2348ed e-flex e-con-boxed e-con e-parent\" data-id=\"c2348ed\" data-element_type=\"container\" data-e-type=\"container\" data-settings=\"{&quot;background_background&quot;:&quot;classic&quot;}\">\n\t\t\t\t\t<div class=\"e-con-inner\">\n\t\t\t\t<div class=\"elementor-element elementor-element-98d2ebe elementor-widget-divider--view-line elementor-widget elementor-widget-divider\" data-id=\"98d2ebe\" data-element_type=\"widget\" data-e-type=\"widget\" data-widget_type=\"divider.default\">\n\t\t\t\t\t\t\t<div class=\"elementor-divider\">\n\t\t\t<span class=\"elementor-divider-separator\">\n\t\t\t\t\t\t<\/span>\n\t\t<\/div>\n\t\t\t\t\t\t<\/div>\n\t\t\t\t<div class=\"elementor-element elementor-element-d4b9a31 elementor-widget elementor-widget-icon-box\" data-id=\"d4b9a31\" data-element_type=\"widget\" data-e-type=\"widget\" data-widget_type=\"icon-box.default\">\n\t\t\t\t\t\t\t<div class=\"elementor-icon-box-wrapper\">\n\n\t\t\t\n\t\t\t\t\t\t<div class=\"elementor-icon-box-content\">\n\n\t\t\t\t\t\t\t\t\t<h2 class=\"elementor-icon-box-title\">\n\t\t\t\t\t\t<span  >\n\t\t\t\t\t\t\tV\u00e4nta inte, s\u00e4lj din \u00e4delmetall idag!\t\t\t\t\t\t<\/span>\n\t\t\t\t\t<\/h2>\n\t\t\t\t\n\t\t\t\t\t\t\t\t\t<p class=\"elementor-icon-box-description\">\n\t\t\t\t\t\tKontakta oss f\u00f6r att starta den enkla f\u00f6rs\u00e4ljningsprocessen med v\u00e5ra kunniga medarbetare.\t\t\t\t\t<\/p>\n\t\t\t\t\n\t\t\t<\/div>\n\t\t\t\n\t\t<\/div>\n\t\t\t\t\t\t<\/div>\n\t\t\t\t<div class=\"elementor-element elementor-element-9d4099a elementor-align-center elementor-widget elementor-widget-button\" data-id=\"9d4099a\" data-element_type=\"widget\" data-e-type=\"widget\" data-widget_type=\"button.default\">\n\t\t\t\t\t\t\t\t\t\t<a class=\"elementor-button elementor-button-link elementor-size-sm\" href=\"\/sv\/kiertuekalenteri\/\">\n\t\t\t\t\t\t<span class=\"elementor-button-content-wrapper\">\n\t\t\t\t\t\t\t\t\t<span class=\"elementor-button-text\">Boka tid f\u00f6r bes\u00f6k<\/span>\n\t\t\t\t\t<\/span>\n\t\t\t\t\t<\/a>\n\t\t\t\t\t\t\t\t<\/div>\n\t\t\t\t\t<\/div>\n\t\t\t\t<\/div>\n\t\t\t\t<\/div>","protected":false},"excerpt":{"rendered":"<p>Tietoa Suomen Arvokulta \u2013 Luotettava kullanostopalvelu Suomessa Yrityksest\u00e4 Luotettava kullan ostaja Suomen Arvokulta on tehnyt suuren m\u00e4\u00e4r\u00e4n asiakkaita onnelliseksi tarjoamalla [&hellip;]<\/p>\n","protected":false},"author":3,"featured_media":0,"parent":0,"menu_order":0,"comment_status":"closed","ping_status":"closed","template":"","meta":{"content-type":"","_uag_custom_page_level_css":"","site-sidebar-layout":"no-sidebar","site-content-layout":"","ast-site-content-layout":"full-width-container","site-content-style":"default","site-sidebar-style":"default","ast-global-header-display":"","ast-banner-title-visibility":"","ast-main-header-display":"","ast-hfb-above-header-display":"","ast-hfb-below-header-display":"","ast-hfb-mobile-header-display":"","site-post-title":"disabled","ast-breadcrumbs-content":"","ast-featured-img":"disabled","footer-sml-layout":"","ast-disable-related-posts":"","theme-transparent-header-meta":"","adv-header-id-meta":"","stick-header-meta":"","header-above-stick-meta":"","header-main-stick-meta":"","header-below-stick-meta":"","astra-migrate-meta-layouts":"default","ast-page-background-enabled":"default","ast-page-background-meta":{"desktop":{"background-color":"var(--ast-global-color-5)","background-image":"","background-repeat":"repeat","background-position":"center center","background-size":"auto","background-attachment":"scroll","background-type":"","background-media":"","overlay-type":"","overlay-color":"","overlay-opacity":"","overlay-gradient":""},"tablet":{"background-color":"","background-image":"","background-repeat":"repeat","background-position":"center center","background-size":"auto","background-attachment":"scroll","background-type":"","background-media":"","overlay-type":"","overlay-color":"","overlay-opacity":"","overlay-gradient":""},"mobile":{"background-color":"","background-image":"","background-repeat":"repeat","background-position":"center center","background-size":"auto","background-attachment":"scroll","background-type":"","background-media":"","overlay-type":"","overlay-color":"","overlay-opacity":"","overlay-gradient":""}},"ast-content-background-meta":{"desktop":{"background-color":"var(--ast-global-color-4)","background-image":"","background-repeat":"repeat","background-position":"center center","background-size":"auto","background-attachment":"scroll","background-type":"","background-media":"","overlay-type":"","overlay-color":"","overlay-opacity":"","overlay-gradient":""},"tablet":{"background-color":"var(--ast-global-color-4)","background-image":"","background-repeat":"repeat","background-position":"center center","background-size":"auto","background-attachment":"scroll","background-type":"","background-media":"","overlay-type":"","overlay-color":"","overlay-opacity":"","overlay-gradient":""},"mobile":{"background-color":"var(--ast-global-color-4)","background-image":"","background-repeat":"repeat","background-position":"center center","background-size":"auto","background-attachment":"scroll","background-type":"","background-media":"","overlay-type":"","overlay-color":"","overlay-opacity":"","overlay-gradient":""}},"footnotes":""},"class_list":["post-277","page","type-page","status-publish","hentry"],"uagb_featured_image_src":{"full":false,"thumbnail":false,"medium":false,"medium_large":false,"large":false,"1536x1536":false,"2048x2048":false,"trp-custom-language-flag":false,"woocommerce_thumbnail":false,"woocommerce_single":false,"woocommerce_gallery_thumbnail":false},"uagb_author_info":{"display_name":false,"author_link":"https:\/\/dev2.suomenarvokulta.fi\/sv\/author\/panu\/"},"uagb_comment_info":0,"uagb_excerpt":"Tietoa Suomen Arvokulta \u2013 Luotettava kullanostopalvelu Suomessa Yrityksest\u00e4 Luotettava kullan ostaja Suomen Arvokulta on tehnyt suuren m\u00e4\u00e4r\u00e4n asiakkaita onnelliseksi tarjoamalla [&hellip;]","_links":{"self":[{"href":"https:\/\/dev2.suomenarvokulta.fi\/sv\/wp-json\/wp\/v2\/pages\/277","targetHints":{"allow":["GET"]}}],"collection":[{"href":"https:\/\/dev2.suomenarvokulta.fi\/sv\/wp-json\/wp\/v2\/pages"}],"about":[{"href":"https:\/\/dev2.suomenarvokulta.fi\/sv\/wp-json\/wp\/v2\/types\/page"}],"author":[{"embeddable":true,"href":"https:\/\/dev2.suomenarvokulta.fi\/sv\/wp-json\/wp\/v2\/users\/3"}],"replies":[{"embeddable":true,"href":"https:\/\/dev2.suomenarvokulta.fi\/sv\/wp-json\/wp\/v2\/comments?post=277"}],"version-history":[{"count":14,"href":"https:\/\/dev2.suomenarvokulta.fi\/sv\/wp-json\/wp\/v2\/pages\/277\/revisions"}],"predecessor-version":[{"id":1030,"href":"https:\/\/dev2.suomenarvokulta.fi\/sv\/wp-json\/wp\/v2\/pages\/277\/revisions\/1030"}],"wp:attachment":[{"href":"https:\/\/dev2.suomenarvokulta.fi\/sv\/wp-json\/wp\/v2\/media?parent=277"}],"curies":[{"name":"wp","href":"https:\/\/api.w.org\/{rel}","templated":true}]}}